{"id":127,"date":"2025-10-26T22:22:03","date_gmt":"2025-10-26T22:22:03","guid":{"rendered":"http:\/\/bdljmts.cluster100.hosting.ovh.net\/?page_id=127"},"modified":"2026-04-13T19:11:15","modified_gmt":"2026-04-13T19:11:15","slug":"shiatsu-2","status":"publish","type":"page","link":"https:\/\/www.sandraprioletshiatsu.fr\/index.php\/shiatsu-2\/","title":{"rendered":"Shiatsu"},"content":{"rendered":"\n<h3 class=\"wp-block-heading services has-text-color has-link-color wp-elements-70eb195db0f87fcb4d4060130fb56da9\" style=\"color:#9cbe9c\"><strong>Qui suis-je ?<\/strong><\/h3>\n\n\n\n<p>Praticienne de <strong>Shiatsu<\/strong> depuis 2017, dipl\u00f4m\u00e9e de l\u2019\u00e9cole IOKA\u00cf Europe, <br>Sp\u00e9cialiste en <strong>Shiatsu<\/strong> reconnu par le RNCP depuis 2018,<\/p>\n\n\n\n<p>Sp\u00e9cialis\u00e9e dans les <strong>pathologies du cycle menstruel<\/strong> en 2026, form\u00e9e par <mark style=\"background-color:rgba(0, 0, 0, 0);color:#9cbe9c\" class=\"has-inline-color\">Fanny Roque<\/mark> (shiatsu) et Marion Dubes (kin\u00e9sith\u00e9rapeute)<br>Praticienne en <strong>Sokuatsu<\/strong> niveau 3 dipl\u00f4m\u00e9e de l\u2019\u00e9cole Tanikawa depuis 2024<\/p>\n\n\n\n<p>Soignante de formation, j\u2019ai \u00e0 c\u0153ur de pouvoir vous accompagner sur votre chemin de vie, l\u00e0 o\u00f9 vous en \u00eates, lorsque vous en avez besoin.<\/p>\n\n\n\n<p>Les pratiques orientales telles que le Shiatsu, Le Do In, le Sokuatsu, sont des pratiques holistiques, qui participent autant au bien-\u00eatre physique que psychologique.<\/p>\n\n\n\n<h3 class=\"wp-block-heading has-text-color has-link-color wp-elements-3d941650230da92e96aa3e00929c741b\" style=\"color:#9cbe9c\"><strong>Le Shiatsu, qu\u2019est-ce que c\u2019est ?<\/strong><\/h3>\n\n\n\n<p>Le Shiatsu d\u00e9signe <strong>une technique de massage<\/strong> d\u2019origine japonaise, <strong>issue de la tradition \u00e9nerg\u00e9tique chinoise<\/strong>. C\u2019est l&rsquo;<strong>art de d\u00e9nouer&nbsp;\u00bb<\/strong>, qui consiste en une s\u00e9rie de pressions rythm\u00e9es et douces le long des m\u00e9ridiens, stimulant les points \u00e9nerg\u00e9tiques. Le Shiatsu propose de <strong>lib\u00e9rer les tensions accumul\u00e9es<\/strong> par un <strong>r\u00e9\u00e9quilibrage \u00e9nerg\u00e9tique profond<\/strong>, favorisant <strong>une sensation de bien-\u00eatre physique et moral<\/strong>. Le shiatsu s\u2019utilise aussi en mode <strong>pr\u00e9ventif<\/strong>.<\/p>\n\n\n\n<p>Le Shiatsu agit sur :<\/p>\n\n\n\n<ul class=\"wp-block-list\">\n<li><strong>la<\/strong> <strong>fatigue<\/strong>,<strong> le stress<\/strong>,<strong> l\u2019angoisse<\/strong>,<\/li>\n\n\n\n<li><strong>les changements hormonaux<\/strong>,<\/li>\n\n\n\n<li><strong>les douleurs musculaires<\/strong>,<\/li>\n\n\n\n<li><strong>les lombalgies<\/strong><\/li>\n\n\n\n<li><strong>les d\u00e9sordres digestifs<\/strong>,<\/li>\n\n\n\n<li><strong>les maladies chroniques,<\/strong><\/li>\n\n\n\n<li><strong>les migraines, le sommeil<\/strong><\/li>\n\n\n\n<li><strong>la pr\u00e9vention du burn-out<\/strong><\/li>\n<\/ul>\n\n\n\n<p>Ma formation sur les <strong>d\u00e9s\u00e9quilibres et douleurs du cycle menstruel<\/strong>, me permet d&rsquo;accompagner les personnes pr\u00e9sentant des <strong>sympt\u00f4mes pr\u00e9-menstruel, des troubles dystrophiques pr\u00e9-menstruels, des syndromes des ovaires polykystiques, de l&rsquo;endom\u00e9triose et ad\u00e9nomyose<\/strong>, afin de soulager les d\u00e9sagr\u00e9ments li\u00e9s \u00e0 ces pathologies et leur permettre de retrouver un confort de vie. Des techniques \u00e9nerg\u00e9tiques alli\u00e9es \u00e0 des mobilisations aident \u00e0 d\u00e9tendre toute la r\u00e9gion musculaire en lien avec le p\u00e9rin\u00e9.<\/p>\n\n\n\n<figure class=\"wp-block-image size-large is-resized\"><img loading=\"lazy\" decoding=\"async\" width=\"1024\" height=\"536\" src=\"https:\/\/www.sandraprioletshiatsu.fr\/wp-content\/uploads\/2026\/03\/Shiatsu-desequilibres-et-douleurs-des-cycles-menstruels1-1024x536.png\" alt=\"\" class=\"wp-image-436\" style=\"aspect-ratio:1.9104659274659115;width:623px;height:auto\" srcset=\"https:\/\/www.sandraprioletshiatsu.fr\/wp-content\/uploads\/2026\/03\/Shiatsu-desequilibres-et-douleurs-des-cycles-menstruels1-1024x536.png 1024w, https:\/\/www.sandraprioletshiatsu.fr\/wp-content\/uploads\/2026\/03\/Shiatsu-desequilibres-et-douleurs-des-cycles-menstruels1-300x157.png 300w, https:\/\/www.sandraprioletshiatsu.fr\/wp-content\/uploads\/2026\/03\/Shiatsu-desequilibres-et-douleurs-des-cycles-menstruels1-768x402.png 768w, https:\/\/www.sandraprioletshiatsu.fr\/wp-content\/uploads\/2026\/03\/Shiatsu-desequilibres-et-douleurs-des-cycles-menstruels1.png 1200w\" sizes=\"auto, (max-width: 1024px) 100vw, 1024px\" \/><\/figure>\n\n\n\n<p><\/p>\n\n\n\n<p>Au Japon, on dit : <strong>\u00ab&nbsp;Le Shiatsu est semblable \u00e0 l\u2019affection maternelle, la pression des mains fait jaillir la vie&nbsp;\u00bb.<\/strong><\/p>\n\n\n\n<p>Le <strong>toucher<\/strong> est essentiel dans notre vie&nbsp;: il permet d\u2019apaiser l\u2019<strong>anxi\u00e9t\u00e9<\/strong>, le stress, temp\u00e8re la peur, il agit sur les <strong>douleurs<\/strong> et il stimule le <strong>bien-\u00eatre<\/strong> par la s\u00e9cr\u00e9tion d\u2019ocytocine, l\u2019hormone du bonheur.<\/p>\n\n\n\n<p>Le <strong>Shiatsu<\/strong> se pratique sur les v\u00eatements, allong\u00e9 sur un <strong>futon<\/strong> confortable. La s\u00e9ance commence par un <strong>\u00e9change verbal<\/strong> autour de la demande de la personne en soin. Chaque s\u00e9ance est personnalis\u00e9e par rapport aux <strong>besoins<\/strong> de la personne.<\/p>\n\n\n\n<p>Vous pouvez \u00e9galement offrir ce soin en <a href=\"http:\/\/bdljmts.cluster100.hosting.ovh.net\/index.php\/cartes-cadeaux\/\" data-type=\"page\" data-id=\"372\"><strong>carte-cadeau<\/strong><\/a>.<\/p>\n\n\n<div class=\"wp-block-image\">\n<figure class=\"aligncenter size-full\"><a href=\"https:\/\/calendly.com\/verger-prioletsandra\/30min\" target=\"_blank\" rel=\" noreferrer noopener\"><img loading=\"lazy\" decoding=\"async\" width=\"260\" height=\"40\" src=\"https:\/\/www.sandraprioletshiatsu.fr\/wp-content\/uploads\/2026\/04\/bouton_prendre_rdv.png\" alt=\"\" class=\"wp-image-452\"\/><\/a><\/figure>\n<\/div>","protected":false},"excerpt":{"rendered":"<p>Qui suis-je ? Praticienne de Shiatsu depuis 2017, dipl\u00f4m\u00e9e de l\u2019\u00e9cole IOKA\u00cf Europe, Sp\u00e9cialiste en Shiatsu reconnu par le RNCP depuis 2018, Sp\u00e9cialis\u00e9e dans les pathologies du cycle menstruel en &hellip; <\/p>\n","protected":false},"author":1,"featured_media":293,"parent":0,"menu_order":0,"comment_status":"closed","ping_status":"closed","template":"","meta":{"_uag_custom_page_level_css":"","iawp_total_views":61,"footnotes":""},"class_list":["post-127","page","type-page","status-publish","has-post-thumbnail","hentry"],"uagb_featured_image_src":{"full":["https:\/\/www.sandraprioletshiatsu.fr\/wp-content\/uploads\/2025\/11\/header-shokuatsu-3-bandeau.jpg",1600,379,false],"thumbnail":["https:\/\/www.sandraprioletshiatsu.fr\/wp-content\/uploads\/2025\/11\/header-shokuatsu-3-bandeau-150x150.jpg",150,150,true],"medium":["https:\/\/www.sandraprioletshiatsu.fr\/wp-content\/uploads\/2025\/11\/header-shokuatsu-3-bandeau-300x71.jpg",300,71,true],"medium_large":["https:\/\/www.sandraprioletshiatsu.fr\/wp-content\/uploads\/2025\/11\/header-shokuatsu-3-bandeau-768x182.jpg",767,182,true],"large":["https:\/\/www.sandraprioletshiatsu.fr\/wp-content\/uploads\/2025\/11\/header-shokuatsu-3-bandeau-1024x243.jpg",767,182,true],"1536x1536":["https:\/\/www.sandraprioletshiatsu.fr\/wp-content\/uploads\/2025\/11\/header-shokuatsu-3-bandeau-1536x364.jpg",1536,364,true],"2048x2048":["https:\/\/www.sandraprioletshiatsu.fr\/wp-content\/uploads\/2025\/11\/header-shokuatsu-3-bandeau.jpg",1600,379,false],"blossom-spa-single":["https:\/\/www.sandraprioletshiatsu.fr\/wp-content\/uploads\/2025\/11\/header-shokuatsu-3-bandeau.jpg",1600,379,false],"blossom-spa-service":["https:\/\/www.sandraprioletshiatsu.fr\/wp-content\/uploads\/2025\/11\/header-shokuatsu-3-bandeau-480x324.jpg",480,324,true],"blossom-spa-team":["https:\/\/www.sandraprioletshiatsu.fr\/wp-content\/uploads\/2025\/11\/header-shokuatsu-3-bandeau-270x300.jpg",270,300,true],"blossom-spa-pagination":["https:\/\/www.sandraprioletshiatsu.fr\/wp-content\/uploads\/2025\/11\/header-shokuatsu-3-bandeau-370x247.jpg",370,247,true],"blossom-spa-blog-list":["https:\/\/www.sandraprioletshiatsu.fr\/wp-content\/uploads\/2025\/11\/header-shokuatsu-3-bandeau-640x379.jpg",640,379,true],"blossom-spa-blog-classic":["https:\/\/www.sandraprioletshiatsu.fr\/wp-content\/uploads\/2025\/11\/header-shokuatsu-3-bandeau-776x379.jpg",776,379,true],"blossom-spa-blog-classic-full":["https:\/\/www.sandraprioletshiatsu.fr\/wp-content\/uploads\/2025\/11\/header-shokuatsu-3-bandeau-1170x379.jpg",1170,379,true],"blossom-spa-related":["https:\/\/www.sandraprioletshiatsu.fr\/wp-content\/uploads\/2025\/11\/header-shokuatsu-3-bandeau-110x83.jpg",110,83,true]},"uagb_author_info":{"display_name":"admin2503","author_link":"https:\/\/www.sandraprioletshiatsu.fr\/index.php\/author\/admin2503\/"},"uagb_comment_info":0,"uagb_excerpt":"Qui suis-je ? Praticienne de Shiatsu depuis 2017, dipl\u00f4m\u00e9e de l\u2019\u00e9cole IOKA\u00cf Europe, Sp\u00e9cialiste en Shiatsu reconnu par le RNCP depuis 2018, Sp\u00e9cialis\u00e9e dans les pathologies du cycle menstruel en &hellip;","_links":{"self":[{"href":"https:\/\/www.sandraprioletshiatsu.fr\/index.php\/wp-json\/wp\/v2\/pages\/127","targetHints":{"allow":["GET"]}}],"collection":[{"href":"https:\/\/www.sandraprioletshiatsu.fr\/index.php\/wp-json\/wp\/v2\/pages"}],"about":[{"href":"https:\/\/www.sandraprioletshiatsu.fr\/index.php\/wp-json\/wp\/v2\/types\/page"}],"author":[{"embeddable":true,"href":"https:\/\/www.sandraprioletshiatsu.fr\/index.php\/wp-json\/wp\/v2\/users\/1"}],"replies":[{"embeddable":true,"href":"https:\/\/www.sandraprioletshiatsu.fr\/index.php\/wp-json\/wp\/v2\/comments?post=127"}],"version-history":[{"count":23,"href":"https:\/\/www.sandraprioletshiatsu.fr\/index.php\/wp-json\/wp\/v2\/pages\/127\/revisions"}],"predecessor-version":[{"id":458,"href":"https:\/\/www.sandraprioletshiatsu.fr\/index.php\/wp-json\/wp\/v2\/pages\/127\/revisions\/458"}],"wp:featuredmedia":[{"embeddable":true,"href":"https:\/\/www.sandraprioletshiatsu.fr\/index.php\/wp-json\/wp\/v2\/media\/293"}],"wp:attachment":[{"href":"https:\/\/www.sandraprioletshiatsu.fr\/index.php\/wp-json\/wp\/v2\/media?parent=127"}],"curies":[{"name":"wp","href":"https:\/\/api.w.org\/{rel}","templated":true}]}}