{"id":196,"date":"2025-11-11T21:41:08","date_gmt":"2025-11-11T21:41:08","guid":{"rendered":"http:\/\/bdljmts.cluster100.hosting.ovh.net\/?page_id=196"},"modified":"2026-03-28T08:56:30","modified_gmt":"2026-03-28T08:56:30","slug":"entreprises","status":"publish","type":"page","link":"https:\/\/www.sandraprioletshiatsu.fr\/index.php\/entreprises\/","title":{"rendered":"Interventions en entreprise"},"content":{"rendered":"\n<h3 class=\"wp-block-heading has-text-color has-link-color wp-elements-85f1b9e7cb5b22af353b9e5d3dcf78ca\" style=\"color:#9cbe9c\"><strong>Bien-\u00eatre en entreprise Bourg-en-Bresse et alentours<\/strong><\/h3>\n\n\n\n<p>Vous souhaitez am\u00e9liorer la <strong>Qualit\u00e9 de vie au travail<\/strong> au sein de <strong>votre entreprise<\/strong>, garantir une performance saine et durable au sein de <strong>votre \u00e9quipe<\/strong>, \u00e0 pr\u00e9venir les risques <strong>psychosociaux<\/strong> engendr\u00e9s par des situations de stress ou des journ\u00e9es de travail intense,<\/p>\n\n\n\n<h4 class=\"wp-block-heading has-text-color has-link-color wp-elements-5c00660e45460ae87f4fd6559c3b59cd\" style=\"color:#9cbe9c\"><strong>S\u00e9ances de massage Shiatsu<\/strong><\/h4>\n\n\n\n<p>Des <strong>s\u00e9ances individuelles<\/strong> peuvent vous \u00eatre propos\u00e9es, en fonction du nombre de collaborateurs.rices \u00e0 prendre en charge. Il est possible d\u2019intervenir <strong>r\u00e9guli\u00e8rement<\/strong> (de mani\u00e8re hebdomadaire ou mensuelle) ou alors de les envisager comme des <strong>prestations ponctuelles<\/strong>.<\/p>\n\n\n\n<p>Il peut s\u2019agir de s\u00e9ances de <strong>Shiatsu sur chaise, ou Sokuatsu<\/strong> pendant 20 minutes \u00e0 1\/2 heure avec chaque salari\u00e9.<\/p>\n\n\n\n<h4 class=\"wp-block-heading has-text-color has-link-color wp-elements-b306c899ac8af9fb51bc7b72a405d1b3\" style=\"color:#9cbe9c\"><strong>S\u00e9ances de Do In<\/strong><\/h4>\n\n\n\n<p>L\u2019introduction d\u2019<strong>ateliers collectifs de Do In \u2013 Qi Gong<\/strong> peut r\u00e9ellement \u00eatre b\u00e9n\u00e9fique pour vos \u00e9quipes. Il s\u2019agit d\u2019un moment de <strong>d\u00e9tente<\/strong>, d\u2019une <strong>gymnastique de sant\u00e9 douce<\/strong>, adapt\u00e9e \u00e0 tous, d\u2019<strong>exercices de respiration et de relaxation<\/strong> qui permettent une pause sur le temps m\u00e9ridien ou sur le temps de travail.<\/p>\n\n\n\n<p>Non seulement, ces pratiques am\u00e9liorent sensiblement la <strong>qualit\u00e9 de vie au travail,<\/strong> mais elles peuvent pr\u00e9venir des situations d\u00e9licates comme <strong>le burn-out<\/strong>, le <strong>stress<\/strong> intense, les <strong>tensions<\/strong>\u2026Autrement, elles participent \u00e0 un \u00e9tat de <strong>d\u00e9tente physique et psychologique<\/strong> permettant <strong>une meilleure performance intellectuelle<\/strong>.<\/p>\n\n\n\n<p><strong>Pour en savoir plus sur ces interventions en entreprise<\/strong> ou pour obtenir <strong>un devis personnalis\u00e9<\/strong>, vous pouvez me contacter par t\u00e9l\u00e9phone au 06.69.35.98.54, ou via le <u><strong><a href=\"http:\/\/bdljmts.cluster100.hosting.ovh.net\/index.php\/contact\/\" data-type=\"page\" data-id=\"86\">formulaire de contact en ligne.<\/a><\/strong><\/u><\/p>\n\n\n\n<p><\/p>\n","protected":false},"excerpt":{"rendered":"<p>Bien-\u00eatre en entreprise Bourg-en-Bresse et alentours Vous souhaitez am\u00e9liorer la Qualit\u00e9 de vie au travail au sein de votre entreprise, garantir une performance saine et durable au sein de votre &hellip; <\/p>\n","protected":false},"author":1,"featured_media":293,"parent":0,"menu_order":0,"comment_status":"closed","ping_status":"closed","template":"","meta":{"_uag_custom_page_level_css":"","iawp_total_views":19,"footnotes":""},"class_list":["post-196","page","type-page","status-publish","has-post-thumbnail","hentry"],"uagb_featured_image_src":{"full":["https:\/\/www.sandraprioletshiatsu.fr\/wp-content\/uploads\/2025\/11\/header-shokuatsu-3-bandeau.jpg",1600,379,false],"thumbnail":["https:\/\/www.sandraprioletshiatsu.fr\/wp-content\/uploads\/2025\/11\/header-shokuatsu-3-bandeau-150x150.jpg",150,150,true],"medium":["https:\/\/www.sandraprioletshiatsu.fr\/wp-content\/uploads\/2025\/11\/header-shokuatsu-3-bandeau-300x71.jpg",300,71,true],"medium_large":["https:\/\/www.sandraprioletshiatsu.fr\/wp-content\/uploads\/2025\/11\/header-shokuatsu-3-bandeau-768x182.jpg",767,182,true],"large":["https:\/\/www.sandraprioletshiatsu.fr\/wp-content\/uploads\/2025\/11\/header-shokuatsu-3-bandeau-1024x243.jpg",767,182,true],"1536x1536":["https:\/\/www.sandraprioletshiatsu.fr\/wp-content\/uploads\/2025\/11\/header-shokuatsu-3-bandeau-1536x364.jpg",1536,364,true],"2048x2048":["https:\/\/www.sandraprioletshiatsu.fr\/wp-content\/uploads\/2025\/11\/header-shokuatsu-3-bandeau.jpg",1600,379,false],"blossom-spa-single":["https:\/\/www.sandraprioletshiatsu.fr\/wp-content\/uploads\/2025\/11\/header-shokuatsu-3-bandeau.jpg",1600,379,false],"blossom-spa-service":["https:\/\/www.sandraprioletshiatsu.fr\/wp-content\/uploads\/2025\/11\/header-shokuatsu-3-bandeau-480x324.jpg",480,324,true],"blossom-spa-team":["https:\/\/www.sandraprioletshiatsu.fr\/wp-content\/uploads\/2025\/11\/header-shokuatsu-3-bandeau-270x300.jpg",270,300,true],"blossom-spa-pagination":["https:\/\/www.sandraprioletshiatsu.fr\/wp-content\/uploads\/2025\/11\/header-shokuatsu-3-bandeau-370x247.jpg",370,247,true],"blossom-spa-blog-list":["https:\/\/www.sandraprioletshiatsu.fr\/wp-content\/uploads\/2025\/11\/header-shokuatsu-3-bandeau-640x379.jpg",640,379,true],"blossom-spa-blog-classic":["https:\/\/www.sandraprioletshiatsu.fr\/wp-content\/uploads\/2025\/11\/header-shokuatsu-3-bandeau-776x379.jpg",776,379,true],"blossom-spa-blog-classic-full":["https:\/\/www.sandraprioletshiatsu.fr\/wp-content\/uploads\/2025\/11\/header-shokuatsu-3-bandeau-1170x379.jpg",1170,379,true],"blossom-spa-related":["https:\/\/www.sandraprioletshiatsu.fr\/wp-content\/uploads\/2025\/11\/header-shokuatsu-3-bandeau-110x83.jpg",110,83,true]},"uagb_author_info":{"display_name":"admin2503","author_link":"https:\/\/www.sandraprioletshiatsu.fr\/index.php\/author\/admin2503\/"},"uagb_comment_info":0,"uagb_excerpt":"Bien-\u00eatre en entreprise Bourg-en-Bresse et alentours Vous souhaitez am\u00e9liorer la Qualit\u00e9 de vie au travail au sein de votre entreprise, garantir une performance saine et durable au sein de votre &hellip;","_links":{"self":[{"href":"https:\/\/www.sandraprioletshiatsu.fr\/index.php\/wp-json\/wp\/v2\/pages\/196","targetHints":{"allow":["GET"]}}],"collection":[{"href":"https:\/\/www.sandraprioletshiatsu.fr\/index.php\/wp-json\/wp\/v2\/pages"}],"about":[{"href":"https:\/\/www.sandraprioletshiatsu.fr\/index.php\/wp-json\/wp\/v2\/types\/page"}],"author":[{"embeddable":true,"href":"https:\/\/www.sandraprioletshiatsu.fr\/index.php\/wp-json\/wp\/v2\/users\/1"}],"replies":[{"embeddable":true,"href":"https:\/\/www.sandraprioletshiatsu.fr\/index.php\/wp-json\/wp\/v2\/comments?post=196"}],"version-history":[{"count":13,"href":"https:\/\/www.sandraprioletshiatsu.fr\/index.php\/wp-json\/wp\/v2\/pages\/196\/revisions"}],"predecessor-version":[{"id":443,"href":"https:\/\/www.sandraprioletshiatsu.fr\/index.php\/wp-json\/wp\/v2\/pages\/196\/revisions\/443"}],"wp:featuredmedia":[{"embeddable":true,"href":"https:\/\/www.sandraprioletshiatsu.fr\/index.php\/wp-json\/wp\/v2\/media\/293"}],"wp:attachment":[{"href":"https:\/\/www.sandraprioletshiatsu.fr\/index.php\/wp-json\/wp\/v2\/media?parent=196"}],"curies":[{"name":"wp","href":"https:\/\/api.w.org\/{rel}","templated":true}]}}